{"id":60,"date":"2022-04-23T14:46:53","date_gmt":"2022-04-23T12:46:53","guid":{"rendered":"http:\/\/gaelle-buzelin.com\/?page_id=60"},"modified":"2022-04-25T12:17:26","modified_gmt":"2022-04-25T10:17:26","slug":"a-propos","status":"publish","type":"page","link":"https:\/\/gaelle-buzelin.com\/index.php\/a-propos\/","title":{"rendered":""},"content":{"rendered":"\n<h1 class=\"has-text-align-center has-x-large-font-size wp-block-heading\" style=\"font-style:normal;font-weight:800\"><strong>\u00c0 propos<\/strong><\/h1>\n\n\n\n<h2 class=\"wp-block-heading\"><em>Bonjour !<\/em><\/h2>\n\n\n\n<p>Je m\u2019appelle Ga\u00eblle, je suis infographiste \/ metteur en page. Attir\u00e9e depuis l&rsquo;enfance par tout ce qui touche \u00e0 la cr\u00e9ation, j\u2019ai d\u00e9cid\u00e9 il y a quelques ann\u00e9es de m\u00ealer ma passion \u00e0 mon m\u00e9tier.<\/p>\n\n\n\n<p>Je peux m&rsquo;occuper de l&rsquo;\u00e9laboration d&rsquo;une identit\u00e9 visuelle, d&rsquo;une affiche, d&rsquo;un flyer, d&rsquo;une carte de visite, d&rsquo;un logo comme de la mise en page d&rsquo;un livre, magazine ou brochure. <\/p>\n\n\n\n<p>Si vous d\u00e9sirez travailler avec moi ou avoir quelques renseignements, n&rsquo;h\u00e9sitez pas \u00e0 me <a href=\"https:\/\/gaelle-buzelin.com\/index.php\/contact\/\" data-type=\"page\" data-id=\"54\">contacter<\/a>.<\/p>\n\n\n\n<h2 class=\"wp-block-heading\"><em>Travailler avec moi, \u00e7a donne quoi ?<\/em><\/h2>\n\n\n\n<p>L\u2019\u00e9change est pour moi une part tr\u00e8s importante du processus, tant dans la phase initiale d&rsquo;\u00e9tablissement du cahier des charges que lors des diff\u00e9rents retours que nous aurons pour affiner votre vision. Ces \u00e9changes seront calibr\u00e9s en fonction de vos pr\u00e9f\u00e9rences et disponibilit\u00e9 (mail, messagerie, appels, visio, rdv). <br>Vous me faites part de votre projet, vos besoins et aspirations. Je r\u00e9sume le tout pour \u00eatre s\u00fbre que nous sommes sur la m\u00eame longueur d\u2019onde puis vous enverrai un devis qui contiendra le d\u00e9tail de ma prestation. <\/p>\n\n\n\n<p>Recherches, croquis, regroupement d\u2019id\u00e9es\u2026 Je vous ferai parvenir plusieurs pistes. Nous nous mettrons d\u2019accord sur celle \u00e0 travailler et perfectionner selon vos remarques. Nous resterons en contact tout au long du processus en cas de question, de remarque ou de doute, et pour que le projet \u00e9volue au plus pr\u00e8s de ce que vous imaginez. <br>Une fois le travail termin\u00e9 et valid\u00e9, vous recevrez les fichiers finaux ainsi que les fichiers de travail, aux formats convenus.<\/p>\n\n\n\n<p>Chaque projet est diff\u00e9rent et j\u2019adapterai mes comp\u00e9tences en fonction des besoins afin de fournir un travail de qualit\u00e9, en collaboration avec vous.<\/p>\n","protected":false},"excerpt":{"rendered":"<p>\u00c0 propos Bonjour ! Je m\u2019appelle Ga\u00eblle, je suis infographiste \/ metteur en page. Attir\u00e9e depuis l&rsquo;enfance par tout ce qui touche \u00e0 la cr\u00e9ation, j\u2019ai d\u00e9cid\u00e9 il y a quelques ann\u00e9es de m\u00ealer ma passion \u00e0 mon m\u00e9tier. Je peux m&rsquo;occuper de l&rsquo;\u00e9laboration d&rsquo;une identit\u00e9 visuelle, d&rsquo;une affiche, d&rsquo;un flyer, d&rsquo;une carte de visite,&#8230;<\/p>\n","protected":false},"author":1,"featured_media":0,"parent":0,"menu_order":0,"comment_status":"closed","ping_status":"closed","template":"","meta":{"footnotes":""},"class_list":["post-60","page","type-page","status-publish","hentry"],"jetpack_sharing_enabled":true,"_links":{"self":[{"href":"https:\/\/gaelle-buzelin.com\/index.php\/wp-json\/wp\/v2\/pages\/60","targetHints":{"allow":["GET"]}}],"collection":[{"href":"https:\/\/gaelle-buzelin.com\/index.php\/wp-json\/wp\/v2\/pages"}],"about":[{"href":"https:\/\/gaelle-buzelin.com\/index.php\/wp-json\/wp\/v2\/types\/page"}],"author":[{"embeddable":true,"href":"https:\/\/gaelle-buzelin.com\/index.php\/wp-json\/wp\/v2\/users\/1"}],"replies":[{"embeddable":true,"href":"https:\/\/gaelle-buzelin.com\/index.php\/wp-json\/wp\/v2\/comments?post=60"}],"version-history":[{"count":13,"href":"https:\/\/gaelle-buzelin.com\/index.php\/wp-json\/wp\/v2\/pages\/60\/revisions"}],"predecessor-version":[{"id":331,"href":"https:\/\/gaelle-buzelin.com\/index.php\/wp-json\/wp\/v2\/pages\/60\/revisions\/331"}],"wp:attachment":[{"href":"https:\/\/gaelle-buzelin.com\/index.php\/wp-json\/wp\/v2\/media?parent=60"}],"curies":[{"name":"wp","href":"https:\/\/api.w.org\/{rel}","templated":true}]}}